{"id":6316,"date":"2025-10-15T13:42:50","date_gmt":"2025-10-15T13:42:50","guid":{"rendered":"https:\/\/psy.bilkent.edu.tr\/?page_id=6316"},"modified":"2026-03-04T16:58:08","modified_gmt":"2026-03-04T16:58:08","slug":"6316-2","status":"publish","type":"page","link":"https:\/\/psy.bilkent.edu.tr\/","title":{"rendered":"Hometitle"},"content":{"rendered":"<div class=\"free alignfull wp-block-bicb-carousel\" id='bicbCarousel-1' data-attributes='{&quot;align&quot;:&quot;full&quot;,&quot;carousels&quot;:[{&quot;image&quot;:{&quot;id&quot;:7453,&quot;url&quot;:&quot;https:\\\/\\\/psy.bilkent.edu.tr\\\/wp-content\\\/uploads\\\/2026\\\/03\\\/20260303_151147-1-scaled-e1772565321780.jpg&quot;,&quot;alt&quot;:&quot;&quot;,&quot;title&quot;:&quot;20260303_151147&quot;,&quot;caption&quot;:&quot;&quot;},&quot;action&quot;:&quot;link&quot;,&quot;link&quot;:&quot;https:\\\/\\\/psy.bilkent.edu.tr\\\/?page_id=1132&quot;,&quot;caption&quot;:&quot;Department History&quot;},{&quot;image&quot;:{&quot;id&quot;:7407,&quot;url&quot;:&quot;https:\\\/\\\/psy.bilkent.edu.tr\\\/wp-content\\\/uploads\\\/2026\\\/03\\\/20260303_151222-scaled-e1772562968908.jpg&quot;,&quot;alt&quot;:&quot;&quot;,&quot;title&quot;:&quot;20260303_151222&quot;,&quot;caption&quot;:&quot;&quot;},&quot;action&quot;:&quot;link&quot;,&quot;link&quot;:&quot;https:\\\/\\\/psy.bilkent.edu.tr\\\/?page_id=6084&quot;,&quot;caption&quot;:&quot;Our Faculty Members&quot;},{&quot;image&quot;:{&quot;id&quot;:4643,&quot;url&quot;:&quot;https:\\\/\\\/psy.bilkent.edu.tr\\\/wp-content\\\/uploads\\\/2019\\\/09\\\/dev2-e1772562821267.jpg&quot;,&quot;alt&quot;:&quot;&quot;,&quot;title&quot;:&quot;&quot;,&quot;caption&quot;:&quot;&quot;},&quot;action&quot;:&quot;link&quot;,&quot;link&quot;:&quot;https:\\\/\\\/psy.bilkent.edu.tr\\\/?page_id=3903&quot;,&quot;caption&quot;:&quot;Research Labs&quot;},{&quot;image&quot;:{&quot;id&quot;:7074,&quot;url&quot;:&quot;https:\\\/\\\/psy.bilkent.edu.tr\\\/wp-content\\\/uploads\\\/2026\\\/01\\\/z2dPug9ZuPrsv4865cbefa9be7a73-e1772562700465.jpeg&quot;,&quot;alt&quot;:&quot;&quot;,&quot;title&quot;:&quot;z2dPug9ZuPrsv4865cbefa9be7a73&quot;,&quot;caption&quot;:&quot;&quot;},&quot;action&quot;:&quot;link&quot;,&quot;link&quot;:&quot;https:\\\/\\\/psy.bilkent.edu.tr\\\/?page_id=3477&quot;,&quot;caption&quot;:&quot;Be sure to check out our awards and recognitions!&quot;},{&quot;image&quot;:{&quot;id&quot;:3653,&quot;url&quot;:&quot;https:\\\/\\\/psy.bilkent.edu.tr\\\/wp-content\\\/uploads\\\/2018\\\/07\\\/resim4-e1772565841468.jpg&quot;,&quot;alt&quot;:&quot;&quot;,&quot;title&quot;:&quot;posterpresentations&quot;,&quot;caption&quot;:&quot;&quot;},&quot;action&quot;:&quot;link&quot;,&quot;link&quot;:&quot;https:\\\/\\\/psy.bilkent.edu.tr\\\/?page_id=1134&quot;,&quot;caption&quot;:&quot;Psychology Undergraduate Program&quot;}],&quot;width&quot;:{&quot;desktop&quot;:&quot;102%&quot;,&quot;tablet&quot;:&quot;100%&quot;,&quot;mobile&quot;:&quot;100%&quot;},&quot;height&quot;:{&quot;desktop&quot;:&quot;502px&quot;,&quot;tablet&quot;:&quot;&quot;,&quot;mobile&quot;:&quot;&quot;},&quot;carouselOptions&quot;:{&quot;columns&quot;:{&quot;desktop&quot;:1,&quot;tablet&quot;:2,&quot;mobile&quot;:1},&quot;columnGap&quot;:13,&quot;isLoop&quot;:true,&quot;allowTouchMove&quot;:false,&quot;speed&quot;:1.5,&quot;autoplayOptions&quot;:{&quot;enabled&quot;:true,&quot;delay&quot;:1.5,&quot;disableOnInteraction&quot;:false,&quot;reverseDirection&quot;:false,&quot;pauseOnMouseEnter&quot;:false,&quot;stopOnLastSlide&quot;:false},&quot;freeMode&quot;:{&quot;enabled&quot;:false,&quot;sticky&quot;:false},&quot;effect&quot;:&quot;slide&quot;,&quot;mousewheel&quot;:{&quot;enabled&quot;:false},&quot;pagination&quot;:{&quot;inTablet&quot;:true,&quot;inMobile&quot;:true,&quot;clickable&quot;:true,&quot;dynamicBullets&quot;:false,&quot;border&quot;:[]},&quot;navigation&quot;:{&quot;inTablet&quot;:true,&quot;inMobile&quot;:true}},&quot;padding&quot;:{&quot;vertical&quot;:&quot;&quot;,&quot;horizontal&quot;:&quot;10px&quot;},&quot;pageColor&quot;:&quot;rgba(8, 51, 161, 1)&quot;,&quot;prevNextSize&quot;:&quot;27px&quot;,&quot;prevNextColor&quot;:&quot;rgba(255, 255, 255, 0.44)&quot;,&quot;caption&quot;:{&quot;display&quot;:&quot;normal&quot;,&quot;position&quot;:&quot;onImage&quot;,&quot;verticalAlign&quot;:&quot;bottom&quot;,&quot;typo&quot;:{&quot;fontSize&quot;:{&quot;desktop&quot;:16,&quot;tablet&quot;:15,&quot;mobile&quot;:15}},&quot;textAlign&quot;:&quot;left&quot;,&quot;colors&quot;:{&quot;color&quot;:&quot;#fff&quot;,&quot;bg&quot;:&quot;#0000&quot;},&quot;overlay&quot;:{&quot;type&quot;:&quot;gradient&quot;,&quot;gradient&quot;:&quot;linear-gradient(0deg, #000 0%, #0000 50%, #0000 100%)&quot;},&quot;padding&quot;:{&quot;top&quot;:&quot;5px&quot;,&quot;right&quot;:&quot;8px&quot;,&quot;bottom&quot;:&quot;5px&quot;,&quot;left&quot;:&quot;8px&quot;}},&quot;elements&quot;:{&quot;linkNewTab&quot;:false,&quot;linkOn&quot;:&quot;image&quot;},&quot;alignment&quot;:&quot;center&quot;,&quot;background&quot;:{&quot;color&quot;:&quot;#0000&quot;},&quot;isPage&quot;:true,&quot;pageSize&quot;:&quot;12px&quot;,&quot;isPrevNext&quot;:true,&quot;image&quot;:{&quot;width&quot;:&quot;100%&quot;}}'><\/div>\n\n\n<p class=\"has-text-color has-link-color wp-elements-59192611643369d1ecdce5819fb775cc\" style=\"color:#ffffff00\">.<\/p>\n\n\n\n<p class=\"has-text-color has-link-color has-large-font-size wp-elements-d2886a7d48a6e3f15233fd72d818a104\" style=\"border-width:3px;color:#0053a0;margin-top:0;margin-right:0;margin-bottom:0;margin-left:0;padding-top:0;padding-right:0;padding-bottom:0;padding-left:0\"><strong><a href=\"https:\/\/psy.bilkent.edu.tr\/?cat=4\" data-type=\"page\" data-id=\"5005\">News<\/a><\/strong><\/p>\n\n\n\n<hr class=\"wp-block-separator has-alpha-channel-opacity is-style-wide\" style=\"margin-top:0;margin-bottom:0\"\/>\n\n\n<div id=\"gpl-slick-slider-953\" class=\"gpl-slick-slider \" data-count=\"5\" data-slides-to-show=\"2\" data-autoplay=\"1\" data-navigation=\"none\"><div  class=\"gpl-post-slider-one wp-block-guten-post-layout-post-grid post-grid-view gpl-d-flex gpl-flex-wrap skin3 \" data-layout=\"skin3\" style=\"--item-padding-left-right : 0.01px; --item-margin-bottom : 0.02px; --item-height : 299.99px; --image-height:228px;\" ><article class=\"post-item gpl-mb-30 skin3\"><div class=\"post-content-area left \"><div class=\"gpl-inner-post-content \"><div class=\"post-meta\"><time datetime=\"2026-04-08T08:56:58+00:00\">April 8, 2026<\/time><\/div><h2 class=\"post-title\"><a href=\"https:\/\/psy.bilkent.edu.tr\/?p=7832\" target=\"_self\" rel=\"bookmark\">Kalbiye Tansel &amp; \u00c7i\u011fdem Bar\u00e7an Tansel Thesis Awards<\/a><\/h2><\/div><div class=\"gpl-overlay-effect\"><\/div><\/div><\/article><article class=\"post-item gpl-mb-30 skin3\"><div class=\"post-content-area left \"><div class=\"gpl-inner-post-content \"><div class=\"post-meta\"><time datetime=\"2026-04-07T15:39:57+00:00\">April 7, 2026<\/time><\/div><h2 class=\"post-title\"><a href=\"https:\/\/psy.bilkent.edu.tr\/?p=7829\" target=\"_self\" rel=\"bookmark\">Graduate School of Economics and Social Sciences Open House!<\/a><\/h2><\/div><div class=\"gpl-overlay-effect\"><\/div><\/div><\/article><article class=\"post-item gpl-mb-30 skin3\"><div class=\"post-content-area left \"><div class=\"gpl-inner-post-content \"><div class=\"post-meta\"><time datetime=\"2026-04-02T10:58:36+00:00\">April 2, 2026<\/time><\/div><h2 class=\"post-title\"><a href=\"https:\/\/psy.bilkent.edu.tr\/?p=7814\" target=\"_self\" rel=\"bookmark\">Congratulations on Zahide Pamir&#8217;s BAGEP award!<\/a><\/h2><\/div><div class=\"gpl-overlay-effect\"><\/div><\/div><\/article><article class=\"post-item gpl-mb-30 skin3\"><div class=\"post-content-area left \"><div class=\"gpl-inner-post-content \"><div class=\"post-meta\"><time datetime=\"2026-02-06T18:52:24+00:00\">February 6, 2026<\/time><\/div><h2 class=\"post-title\"><a href=\"https:\/\/psy.bilkent.edu.tr\/?p=7122\" target=\"_self\" rel=\"bookmark\">Congratulations to T\u00dcB\u0130TAK 1001 grant recipients!<\/a><\/h2><\/div><div class=\"gpl-overlay-effect\"><\/div><\/div><\/article><article class=\"post-item gpl-mb-30 skin3\"><div class=\"post-content-area left \"><div class=\"gpl-inner-post-content \"><div class=\"post-meta\"><time datetime=\"2026-02-06T18:49:23+00:00\">February 6, 2026<\/time><\/div><h2 class=\"post-title\"><a href=\"https:\/\/psy.bilkent.edu.tr\/?p=7120\" target=\"_self\" rel=\"bookmark\">Congratulations on Jedediah WP Allen&#8217;s Promotion<\/a><\/h2><\/div><div class=\"gpl-overlay-effect\"><\/div><\/div><\/article><\/div><\/div>","protected":false},"excerpt":{"rendered":"<p>. News<\/p>\n","protected":false},"author":1,"featured_media":0,"parent":0,"menu_order":0,"comment_status":"closed","ping_status":"closed","template":"","meta":{"footnotes":""},"languages":[18],"post_translationss":[28],"class_list":["post-6316","page","type-page","status-publish","hentry"],"guten_post_layout_featured_media_urls":{"full":false,"thumbnail":false,"medium":false,"medium_large":false,"large":false,"1536x1536":false,"2048x2048":false,"guten_post_layout_landscape_large":false,"guten_post_layout_portrait_large":false,"guten_post_layout_square_large":false,"guten_post_layout_landscape":false,"guten_post_layout_portrait":false,"guten_post_layout_square":false},"_links":{"self":[{"href":"https:\/\/psy.bilkent.edu.tr\/index.php?rest_route=\/wp\/v2\/pages\/6316","targetHints":{"allow":["GET"]}}],"collection":[{"href":"https:\/\/psy.bilkent.edu.tr\/index.php?rest_route=\/wp\/v2\/pages"}],"about":[{"href":"https:\/\/psy.bilkent.edu.tr\/index.php?rest_route=\/wp\/v2\/types\/page"}],"author":[{"embeddable":true,"href":"https:\/\/psy.bilkent.edu.tr\/index.php?rest_route=\/wp\/v2\/users\/1"}],"replies":[{"embeddable":true,"href":"https:\/\/psy.bilkent.edu.tr\/index.php?rest_route=%2Fwp%2Fv2%2Fcomments&post=6316"}],"version-history":[{"count":98,"href":"https:\/\/psy.bilkent.edu.tr\/index.php?rest_route=\/wp\/v2\/pages\/6316\/revisions"}],"predecessor-version":[{"id":7508,"href":"https:\/\/psy.bilkent.edu.tr\/index.php?rest_route=\/wp\/v2\/pages\/6316\/revisions\/7508"}],"wp:attachment":[{"href":"https:\/\/psy.bilkent.edu.tr\/index.php?rest_route=%2Fwp%2Fv2%2Fmedia&parent=6316"}],"wp:term":[{"taxonomy":"language","embeddable":true,"href":"https:\/\/psy.bilkent.edu.tr\/index.php?rest_route=%2Fwp%2Fv2%2Flanguages&post=6316"},{"taxonomy":"post_translations","embeddable":true,"href":"https:\/\/psy.bilkent.edu.tr\/index.php?rest_route=%2Fwp%2Fv2%2Fpost_translationss&post=6316"}],"curies":[{"name":"wp","href":"https:\/\/api.w.org\/{rel}","templated":true}]}}